{"id":114,"date":"2024-04-11T21:35:47","date_gmt":"2024-04-11T19:35:47","guid":{"rendered":"https:\/\/quagga.re\/?page_id=114"},"modified":"2026-01-23T22:48:57","modified_gmt":"2026-01-23T21:48:57","slug":"representations-du-quagga-xviiieme-siecle","status":"publish","type":"page","link":"https:\/\/quagga.re\/index.php\/representations-du-quagga-xviiieme-siecle\/","title":{"rendered":"Repr\u00e9sentations du quagga XVIII\u00e8me si\u00e8cle"},"content":{"rendered":"\n<figure class=\"wp-block-image size-full\"><img loading=\"lazy\" decoding=\"async\" width=\"1024\" height=\"768\" src=\"https:\/\/quagga.re\/wp-content\/uploads\/2026\/01\/FemalezebraEdwrds-copy.jpg\" alt=\"\" class=\"wp-image-341\" srcset=\"https:\/\/quagga.re\/wp-content\/uploads\/2026\/01\/FemalezebraEdwrds-copy.jpg 1024w, https:\/\/quagga.re\/wp-content\/uploads\/2026\/01\/FemalezebraEdwrds-copy-300x225.jpg 300w, https:\/\/quagga.re\/wp-content\/uploads\/2026\/01\/FemalezebraEdwrds-copy-768x576.jpg 768w\" sizes=\"auto, (max-width: 1024px) 100vw, 1024px\" \/><figcaption class=\"wp-element-caption\">Repr\u00e9sentation du quagga sous le nom de z\u00e8bre femelle &#8211;&nbsp;<em>Gleanings&nbsp;of&nbsp;natural&nbsp;history<\/em>&nbsp;&#8211; George Edwards 1751 (<a href=\"https:\/\/www.biodiversitylibrary.org\/bibliography\/153666\">https:\/\/www.biodiversitylibrary.org\/bibliography\/153666<\/a>)<\/figcaption><\/figure>\n\n\n\n<p>Cette premi\u00e8re repr\u00e9sentation du quagga l&rsquo;identifie comme un z\u00e8bre femelle. Peut-\u00eatre per\u00e7ue comme un cas de dimorphisme sexuel&#8230;<\/p>\n\n\n\n<p>Au cours du XVIII<sup>\u00e8me<\/sup> et <a href=\"https:\/\/quagga.re\/index.php\/representations-du-quagga-xixeme-siecle\/\" data-type=\"page\" data-id=\"117\">XIX<sup>\u00e8me<\/sup><\/a> si\u00e8cles, les gravures du quagga deviennent populaires notamment dans des ouvrages d&rsquo;histoire naturelle, en voici quelques exemples :<\/p>\n\n\n\n<figure class=\"wp-block-image size-large\"><img loading=\"lazy\" decoding=\"async\" width=\"1024\" height=\"728\" src=\"https:\/\/quagga.re\/wp-content\/uploads\/2026\/01\/Gordonkwagga-1024x728.jpeg\" alt=\"\" class=\"wp-image-343\" srcset=\"https:\/\/quagga.re\/wp-content\/uploads\/2026\/01\/Gordonkwagga-1024x728.jpeg 1024w, https:\/\/quagga.re\/wp-content\/uploads\/2026\/01\/Gordonkwagga-300x213.jpeg 300w, https:\/\/quagga.re\/wp-content\/uploads\/2026\/01\/Gordonkwagga-768x546.jpeg 768w, https:\/\/quagga.re\/wp-content\/uploads\/2026\/01\/Gordonkwagga.jpeg 1444w\" sizes=\"auto, (max-width: 1024px) 100vw, 1024px\" \/><figcaption class=\"wp-element-caption\">Croquis d&rsquo;apr\u00e8s une pouliche vivante r\u00e9alis\u00e9 par le capitaine Gordon (1777)<\/figcaption><\/figure>\n\n\n\n<p><br>Traduction des l\u00e9gendes : de la cheville au genou compris, les couleurs sont pales. Du dos au ventre, il y a des rayures, le ventre est brun jusqu\u2019aux t\u00e9tons.<br>C\u2019est un jeune&nbsp;kwagga&nbsp;: la premi\u00e8re syllabe est prononc\u00e9e avec un fort coup de langue. C\u2019est du langage hottentot. Nous pronon\u00e7ons le mot sans le coup de langue. Cet animal est peut \u00eatre un onagre.<\/p>\n\n\n\n<figure class=\"wp-block-gallery has-nested-images columns-default is-cropped wp-block-gallery-1 is-layout-flex wp-block-gallery-is-layout-flex\">\n<figure class=\"wp-block-image size-full\"><img loading=\"lazy\" decoding=\"async\" width=\"538\" height=\"804\" data-id=\"344\" src=\"https:\/\/quagga.re\/wp-content\/uploads\/2026\/01\/KwaggaJdeSeve.jpg\" alt=\"\" class=\"wp-image-344\" srcset=\"https:\/\/quagga.re\/wp-content\/uploads\/2026\/01\/KwaggaJdeSeve.jpg 538w, https:\/\/quagga.re\/wp-content\/uploads\/2026\/01\/KwaggaJdeSeve-201x300.jpg 201w\" sizes=\"auto, (max-width: 538px) 100vw, 538px\" \/><\/figure>\n<\/figure>\n\n\n\n<blockquote class=\"wp-block-quote is-layout-flow wp-block-quote-is-layout-flow\">\n<p>Repr\u00e9sentation du couagga &#8211; Jacques de s\u00e8ve &#8211;&nbsp;<em>Histoire naturelle g\u00e9n\u00e9rale et particuli\u00e8re &#8211;<\/em>Buffon&nbsp;&nbsp;(\u00e9dition de 1784, tome sixi\u00e8me)<\/p>\n\n\n\n<p>Source Gallica BNF<\/p>\n\n\n\n<p><a href=\"https:\/\/gallica.bnf.fr\/ark:\/12148\/bd6t541806825\/f426.item.r=kwagga\">https:\/\/gallica.bnf.fr\/ark:\/12148\/bd6t541806825\/f426.item.r=kwagga<\/a><\/p>\n<\/blockquote>\n\n\n\n<figure class=\"wp-block-image size-full is-resized\"><img loading=\"lazy\" decoding=\"async\" width=\"1746\" height=\"1132\" src=\"https:\/\/quagga.re\/wp-content\/uploads\/2026\/01\/CouaggaMarechal.jpeg\" alt=\"\" class=\"wp-image-346\" style=\"width:650px;height:auto\" srcset=\"https:\/\/quagga.re\/wp-content\/uploads\/2026\/01\/CouaggaMarechal.jpeg 1746w, https:\/\/quagga.re\/wp-content\/uploads\/2026\/01\/CouaggaMarechal-300x195.jpeg 300w, https:\/\/quagga.re\/wp-content\/uploads\/2026\/01\/CouaggaMarechal-1024x664.jpeg 1024w, https:\/\/quagga.re\/wp-content\/uploads\/2026\/01\/CouaggaMarechal-768x498.jpeg 768w, https:\/\/quagga.re\/wp-content\/uploads\/2026\/01\/CouaggaMarechal-1536x996.jpeg 1536w\" sizes=\"auto, (max-width: 1746px) 100vw, 1746px\" \/><\/figure>\n\n\n\n<p><em>Le Couagga \u2013 Equus quagga Linn\u00e9, Gmelin&nbsp;&nbsp;<\/em>vrai Etalon Couagga de Louis XVI,&nbsp;&nbsp;peint par Mar\u00e9chal en 1793 (An II de la r\u00e9publique)&nbsp;\u2013&nbsp;Collection V\u00e9lin&nbsp;du mus\u00e9um d\u2019histoire naturelle<\/p>\n\n\n\n<p>Il existe aussi des <a href=\"https:\/\/quagga.re\/index.php\/gravures-rupestres\/\" data-type=\"page\" data-id=\"167\">gravures rupestres<\/a>, non dat\u00e9es<\/p>\n\n\n\n<p><\/p>\n","protected":false},"excerpt":{"rendered":"<p>Cette premi\u00e8re repr\u00e9sentation du quagga l&rsquo;identifie comme un z\u00e8bre femelle. Peut-\u00eatre per\u00e7ue comme un cas de dimorphisme sexuel&#8230; Au cours du XVIII\u00e8me et XIX\u00e8me si\u00e8cles, les gravures du quagga deviennent populaires notamment dans des ouvrages d&rsquo;histoire naturelle, en voici quelques exemples : Traduction des l\u00e9gendes : de la cheville au genou compris, les couleurs sont [&hellip;]<\/p>\n","protected":false},"author":1,"featured_media":0,"parent":0,"menu_order":0,"comment_status":"closed","ping_status":"closed","template":"","meta":{"footnotes":""},"class_list":["post-114","page","type-page","status-publish","hentry"],"_links":{"self":[{"href":"https:\/\/quagga.re\/index.php\/wp-json\/wp\/v2\/pages\/114","targetHints":{"allow":["GET"]}}],"collection":[{"href":"https:\/\/quagga.re\/index.php\/wp-json\/wp\/v2\/pages"}],"about":[{"href":"https:\/\/quagga.re\/index.php\/wp-json\/wp\/v2\/types\/page"}],"author":[{"embeddable":true,"href":"https:\/\/quagga.re\/index.php\/wp-json\/wp\/v2\/users\/1"}],"replies":[{"embeddable":true,"href":"https:\/\/quagga.re\/index.php\/wp-json\/wp\/v2\/comments?post=114"}],"version-history":[{"count":17,"href":"https:\/\/quagga.re\/index.php\/wp-json\/wp\/v2\/pages\/114\/revisions"}],"predecessor-version":[{"id":347,"href":"https:\/\/quagga.re\/index.php\/wp-json\/wp\/v2\/pages\/114\/revisions\/347"}],"wp:attachment":[{"href":"https:\/\/quagga.re\/index.php\/wp-json\/wp\/v2\/media?parent=114"}],"curies":[{"name":"wp","href":"https:\/\/api.w.org\/{rel}","templated":true}]}}