{"id":167,"date":"2024-04-20T15:44:20","date_gmt":"2024-04-20T13:44:20","guid":{"rendered":"https:\/\/quagga.re\/?page_id=167"},"modified":"2026-01-23T22:01:01","modified_gmt":"2026-01-23T21:01:01","slug":"gravures-rupestres","status":"publish","type":"page","link":"https:\/\/quagga.re\/index.php\/gravures-rupestres\/","title":{"rendered":"Gravures rupestres"},"content":{"rendered":"\n<figure class=\"wp-block-image size-full\"><img loading=\"lazy\" decoding=\"async\" width=\"624\" height=\"586\" src=\"https:\/\/quagga.re\/wp-content\/uploads\/2026\/01\/GravureRupestreBM1.png\" alt=\"\" class=\"wp-image-311\" srcset=\"https:\/\/quagga.re\/wp-content\/uploads\/2026\/01\/GravureRupestreBM1.png 624w, https:\/\/quagga.re\/wp-content\/uploads\/2026\/01\/GravureRupestreBM1-300x282.png 300w\" sizes=\"auto, (max-width: 624px) 100vw, 624px\" \/><\/figure>\n\n\n\n<p>D\u00e9calcomanie de gravure rupestre du British Museum, d\u00e9couverte dans la r\u00e9gion de Kimberley (Afrique du Sud), r\u00e9alis\u00e9 par Miss&nbsp;D.Gross&nbsp;(Fock G.J. and McGregor A., \u00ab\u00a0Two rock engravings from South Africa in the British Museum\u00a0\u00bb MAN, 1965, vol 65, pp 194-195)<\/p>\n\n\n\n<p><\/p>\n\n\n\n<p><\/p>\n\n\n\n<figure class=\"wp-block-image size-full\"><img loading=\"lazy\" decoding=\"async\" width=\"612\" height=\"614\" src=\"https:\/\/quagga.re\/wp-content\/uploads\/2026\/01\/GravureRupestreBM2.png\" alt=\"\" class=\"wp-image-312\" srcset=\"https:\/\/quagga.re\/wp-content\/uploads\/2026\/01\/GravureRupestreBM2.png 612w, https:\/\/quagga.re\/wp-content\/uploads\/2026\/01\/GravureRupestreBM2-300x300.png 300w, https:\/\/quagga.re\/wp-content\/uploads\/2026\/01\/GravureRupestreBM2-150x150.png 150w\" sizes=\"auto, (max-width: 612px) 100vw, 612px\" \/><\/figure>\n\n\n\n<p>Photographie d\u2019une gravure rupestre dans la r\u00e9gion de&nbsp;Vyburg&nbsp;&nbsp;<\/p>\n\n\n\n<p>Source The British Museum &#8211; Image&nbsp;gallery: digital&nbsp;photograph&nbsp;(2007)&nbsp;<\/p>\n\n\n\n<p><a href=\"http:\/\/www.britishmuseum.org\/research\/collection_online\/collection_object_details.aspx?objectId=3731672&amp;partId=1&amp;searchText=quagga&amp;page=1\">http:\/\/www.britishmuseum.org\/research\/collection_online\/collection_object_details.aspx?objectId=3731672&amp;partId=1&amp;searchText=quagga&amp;page=1<\/a><\/p>\n\n\n\n<p><\/p>\n","protected":false},"excerpt":{"rendered":"<p>D\u00e9calcomanie de gravure rupestre du British Museum, d\u00e9couverte dans la r\u00e9gion de Kimberley (Afrique du Sud), r\u00e9alis\u00e9 par Miss&nbsp;D.Gross&nbsp;(Fock G.J. and McGregor A., \u00ab\u00a0Two rock engravings from South Africa in the British Museum\u00a0\u00bb MAN, 1965, vol 65, pp 194-195) Photographie d\u2019une gravure rupestre dans la r\u00e9gion de&nbsp;Vyburg&nbsp;&nbsp; Source The British Museum &#8211; Image&nbsp;gallery: digital&nbsp;photograph&nbsp;(2007)&nbsp; http:\/\/www.britishmuseum.org\/research\/collection_online\/collection_object_details.aspx?objectId=3731672&amp;partId=1&amp;searchText=quagga&amp;page=1<\/p>\n","protected":false},"author":1,"featured_media":0,"parent":0,"menu_order":0,"comment_status":"closed","ping_status":"closed","template":"","meta":{"footnotes":""},"class_list":["post-167","page","type-page","status-publish","hentry"],"_links":{"self":[{"href":"https:\/\/quagga.re\/index.php\/wp-json\/wp\/v2\/pages\/167","targetHints":{"allow":["GET"]}}],"collection":[{"href":"https:\/\/quagga.re\/index.php\/wp-json\/wp\/v2\/pages"}],"about":[{"href":"https:\/\/quagga.re\/index.php\/wp-json\/wp\/v2\/types\/page"}],"author":[{"embeddable":true,"href":"https:\/\/quagga.re\/index.php\/wp-json\/wp\/v2\/users\/1"}],"replies":[{"embeddable":true,"href":"https:\/\/quagga.re\/index.php\/wp-json\/wp\/v2\/comments?post=167"}],"version-history":[{"count":4,"href":"https:\/\/quagga.re\/index.php\/wp-json\/wp\/v2\/pages\/167\/revisions"}],"predecessor-version":[{"id":314,"href":"https:\/\/quagga.re\/index.php\/wp-json\/wp\/v2\/pages\/167\/revisions\/314"}],"wp:attachment":[{"href":"https:\/\/quagga.re\/index.php\/wp-json\/wp\/v2\/media?parent=167"}],"curies":[{"name":"wp","href":"https:\/\/api.w.org\/{rel}","templated":true}]}}