{"id":177,"date":"2024-04-20T15:58:57","date_gmt":"2024-04-20T13:58:57","guid":{"rendered":"https:\/\/quagga.re\/?page_id=177"},"modified":"2026-01-23T22:28:45","modified_gmt":"2026-01-23T21:28:45","slug":"quagga-empailles","status":"publish","type":"page","link":"https:\/\/quagga.re\/index.php\/quagga-empailles\/","title":{"rendered":"Quaggas empaill\u00e9s\/naturalis\u00e9s"},"content":{"rendered":"\n<figure class=\"wp-block-image size-full\"><img loading=\"lazy\" decoding=\"async\" width=\"818\" height=\"802\" src=\"https:\/\/quagga.re\/wp-content\/uploads\/2026\/01\/QuagganaturaliseMuseumParis.jpeg\" alt=\"\" class=\"wp-image-331\" srcset=\"https:\/\/quagga.re\/wp-content\/uploads\/2026\/01\/QuagganaturaliseMuseumParis.jpeg 818w, https:\/\/quagga.re\/wp-content\/uploads\/2026\/01\/QuagganaturaliseMuseumParis-300x294.jpeg 300w, https:\/\/quagga.re\/wp-content\/uploads\/2026\/01\/QuagganaturaliseMuseumParis-768x753.jpeg 768w\" sizes=\"auto, (max-width: 818px) 100vw, 818px\" \/><figcaption class=\"wp-element-caption\"><a href=\"https:\/\/www.mnhn.fr\/fr\/couagga-de-louis-xvi\">https:\/\/www.mnhn.fr\/fr\/couagga-de-louis-xvi<\/a><\/figcaption><\/figure>\n\n\n\n<p>Couagga de Louis XVI &#8211; specimen naturalis\u00e9 visible dans la salle des esp\u00e8ces disparues de la galerie de l&rsquo;\u00e9volution au Museum d&rsquo;Histoire Naturelle de Paris<\/p>\n\n\n\n<p><a href=\"https:\/\/www.mnhn.fr\/fr\/couagga-de-louis-xvi\">https:\/\/www.mnhn.fr\/fr\/couagga-de-louis-xvi<\/a><\/p>\n\n\n\n<p><\/p>\n","protected":false},"excerpt":{"rendered":"<p>Couagga de Louis XVI &#8211; specimen naturalis\u00e9 visible dans la salle des esp\u00e8ces disparues de la galerie de l&rsquo;\u00e9volution au Museum d&rsquo;Histoire Naturelle de Paris https:\/\/www.mnhn.fr\/fr\/couagga-de-louis-xvi<\/p>\n","protected":false},"author":1,"featured_media":0,"parent":0,"menu_order":0,"comment_status":"closed","ping_status":"closed","template":"","meta":{"footnotes":""},"class_list":["post-177","page","type-page","status-publish","hentry"],"_links":{"self":[{"href":"https:\/\/quagga.re\/index.php\/wp-json\/wp\/v2\/pages\/177","targetHints":{"allow":["GET"]}}],"collection":[{"href":"https:\/\/quagga.re\/index.php\/wp-json\/wp\/v2\/pages"}],"about":[{"href":"https:\/\/quagga.re\/index.php\/wp-json\/wp\/v2\/types\/page"}],"author":[{"embeddable":true,"href":"https:\/\/quagga.re\/index.php\/wp-json\/wp\/v2\/users\/1"}],"replies":[{"embeddable":true,"href":"https:\/\/quagga.re\/index.php\/wp-json\/wp\/v2\/comments?post=177"}],"version-history":[{"count":6,"href":"https:\/\/quagga.re\/index.php\/wp-json\/wp\/v2\/pages\/177\/revisions"}],"predecessor-version":[{"id":333,"href":"https:\/\/quagga.re\/index.php\/wp-json\/wp\/v2\/pages\/177\/revisions\/333"}],"wp:attachment":[{"href":"https:\/\/quagga.re\/index.php\/wp-json\/wp\/v2\/media?parent=177"}],"curies":[{"name":"wp","href":"https:\/\/api.w.org\/{rel}","templated":true}]}}