{"id":197,"date":"2024-04-20T16:40:07","date_gmt":"2024-04-20T14:40:07","guid":{"rendered":"https:\/\/quagga.re\/?page_id=197"},"modified":"2026-01-23T21:46:33","modified_gmt":"2026-01-23T20:46:33","slug":"extinction","status":"publish","type":"page","link":"https:\/\/quagga.re\/index.php\/extinction\/","title":{"rendered":"Extinction officielle"},"content":{"rendered":"\n<p>Ironiquement, l&rsquo;acte prot\u00e9geant le quagga a \u00e9t\u00e9 publi\u00e9, <strong>le 6 juillet 1886 <\/strong>soit <strong>deux ans, dix mois et vingt-quatre jours<\/strong> apr\u00e8s que le quagga ait \u00e9t\u00e9 <strong>officiellement d\u00e9clar\u00e9 \u00e9teint<\/strong> en captivit\u00e9 (soit <strong>le 12 aout 1883<\/strong> au <a href=\"https:\/\/www.artis.nl\/en\/\">zoo Artis<\/a> d&rsquo;Amsterdam)<\/p>\n\n\n\n<p>Voici le texte de l&rsquo;acte publi\u00e9 en Afrique du Sud par le Gouverneur de la province du Cap de Bonne Esp\u00e9rance<\/p>\n\n\n\n<h6 class=\"wp-block-heading\">Act\u00a0For\u00a0\u00a0the Better Preservation of Game &#8211; No 36 1886 \u2013 Promulgated 6<sup>th<\/sup>\u00a0July 1886- Governor of the Cape of Good Hope<br><\/h6>\n\n\n\n<p>Source\u00a0<strong>From\u00a0<em>African Wildlife<\/em>, 1983, volume 37, No 4, p135<\/strong><\/p>\n\n\n\n<p>Whereas it is expedient to consolidate and amend the laws relating to game: Be it before enacted by the Governor of the Cape of Good Hope, with the advice and consent of the Legislative Council and House of Assembly thereof: &#8211;<\/p>\n\n\n\n<p>The following Game Law proclamations are hereby repealed: that is to say, the proclamation dated 21<sup>st<\/sup>&nbsp;March, 1822, entitled \u201cGame Law Proclamation;\u201d, the Proclamation dated 23<sup>rd<\/sup>&nbsp;August, 1822, entitled \u201cAmendment of Game Law \u2013 Elephants;\u201d and the proclamation dated 4<sup>th<\/sup>&nbsp;March, 1823, entitled \u201c Amendment of Game Law \u2013 Elands.\u201d<\/p>\n\n\n\n<p>The word \u201cgame\u201d shall for the purposes of this Act, be taken and understood to mean and comprehend the several birds and animals of this Colony following, not being domesticated, commonly known as&nbsp;Xaauw, korhaan, guinea-fowl, pheasant, partridge, grouse, and dikkop, elephant, camelopard,&nbsp;seacow&nbsp;(hippopotamus), buffalo, zebra, quagga, Burchell zebra, buck (comprehending the whole antelope species, with the exception of springbucks actually migrating but including the gnu or wildebeest), hare and rabbit (not being coneys);..<\/p>\n\n\n\n<p>No person, shall, save as is hereinafter provided, kill, catch, capture, pursue, hunt or shoot at, sell, hawk, or expose for sale, game in any part of this Colony, without having previously obtained a game licence\u2026 No person, however, shall be at liberty to pursue, shoot, kill, destroy, or capture any elephant, hippopotamus, buffalo, eland, koodoo, hartebeest, bontebok, blesbok, gemsbok,&nbsp;rietbok, zebra, quagga, Burchell zebra or any gnu or wildebeest of either variety, without having obtained a special permission to that effect from the Governor, under a penalty of not exceeding ten pounds sterling for each offence, or, on failure of payment thereof, not exceeding one month\u2019s imprisonment with or without hard labour:<\/p>\n\n\n\n<p>Source: The text above is a faithful transcript of sections 1, 2 and 4 of the Game Law Amendment Act of 1886, enacted by the Governor of the Cape of Good Hope. There are 17 sections in this Act, which was published only in English.<\/p>\n","protected":false},"excerpt":{"rendered":"<p>Ironiquement, l&rsquo;acte prot\u00e9geant le quagga a \u00e9t\u00e9 publi\u00e9, le 6 juillet 1886 soit deux ans, dix mois et vingt-quatre jours apr\u00e8s que le quagga ait \u00e9t\u00e9 officiellement d\u00e9clar\u00e9 \u00e9teint en captivit\u00e9 (soit le 12 aout 1883 au zoo Artis d&rsquo;Amsterdam) Voici le texte de l&rsquo;acte publi\u00e9 en Afrique du Sud par le Gouverneur de la [&hellip;]<\/p>\n","protected":false},"author":1,"featured_media":0,"parent":0,"menu_order":0,"comment_status":"closed","ping_status":"closed","template":"","meta":{"footnotes":""},"class_list":["post-197","page","type-page","status-publish","hentry"],"_links":{"self":[{"href":"https:\/\/quagga.re\/index.php\/wp-json\/wp\/v2\/pages\/197","targetHints":{"allow":["GET"]}}],"collection":[{"href":"https:\/\/quagga.re\/index.php\/wp-json\/wp\/v2\/pages"}],"about":[{"href":"https:\/\/quagga.re\/index.php\/wp-json\/wp\/v2\/types\/page"}],"author":[{"embeddable":true,"href":"https:\/\/quagga.re\/index.php\/wp-json\/wp\/v2\/users\/1"}],"replies":[{"embeddable":true,"href":"https:\/\/quagga.re\/index.php\/wp-json\/wp\/v2\/comments?post=197"}],"version-history":[{"count":7,"href":"https:\/\/quagga.re\/index.php\/wp-json\/wp\/v2\/pages\/197\/revisions"}],"predecessor-version":[{"id":305,"href":"https:\/\/quagga.re\/index.php\/wp-json\/wp\/v2\/pages\/197\/revisions\/305"}],"wp:attachment":[{"href":"https:\/\/quagga.re\/index.php\/wp-json\/wp\/v2\/media?parent=197"}],"curies":[{"name":"wp","href":"https:\/\/api.w.org\/{rel}","templated":true}]}}