{"id":65,"date":"2024-03-14T11:49:39","date_gmt":"2024-03-14T10:49:39","guid":{"rendered":"https:\/\/quagga.re\/?page_id=65"},"modified":"2026-01-23T22:05:55","modified_gmt":"2026-01-23T21:05:55","slug":"lord-morton","status":"publish","type":"page","link":"https:\/\/quagga.re\/index.php\/lord-morton\/","title":{"rendered":"Lord Morton"},"content":{"rendered":"\n<figure class=\"wp-block-image size-large\"><img loading=\"lazy\" decoding=\"async\" width=\"614\" height=\"1024\" src=\"https:\/\/quagga.re\/wp-content\/uploads\/2026\/01\/640px-George_Douglas_16th_Earl_of_Morton_1761-1827_by_William_Beechey_Burford_Oxforshire_1753-1839_London-614x1024.jpg\" alt=\"\" class=\"wp-image-315\" srcset=\"https:\/\/quagga.re\/wp-content\/uploads\/2026\/01\/640px-George_Douglas_16th_Earl_of_Morton_1761-1827_by_William_Beechey_Burford_Oxforshire_1753-1839_London-614x1024.jpg 614w, https:\/\/quagga.re\/wp-content\/uploads\/2026\/01\/640px-George_Douglas_16th_Earl_of_Morton_1761-1827_by_William_Beechey_Burford_Oxforshire_1753-1839_London-180x300.jpg 180w, https:\/\/quagga.re\/wp-content\/uploads\/2026\/01\/640px-George_Douglas_16th_Earl_of_Morton_1761-1827_by_William_Beechey_Burford_Oxforshire_1753-1839_London.jpg 640w\" sizes=\"auto, (max-width: 614px) 100vw, 614px\" \/><\/figure>\n\n\n\n<p>Portrait de Lord Morton en uniforme de la soci\u00e9t\u00e9 royale des archers (Royal&nbsp;Company of&nbsp;Archers) peint par William&nbsp;Beechey, au d\u00e9but du 19<sup>\u00e8me<\/sup>&nbsp;si\u00e8cle , dimensions :238&nbsp;x 143.5 cm. (<a href=\"https:\/\/www.christies.com\/en\/lot\/lot-5460655\">https:\/\/www.christies.com\/en\/lot\/lot-5460655<\/a>)<\/p>\n\n\n\n<p>En 1821, parait dans le prestigieux journal de la Royal Society, <em>Philosophical Transactions of The Royal Society of London<\/em>, l&rsquo;unique publication de Lord Morton, qui concerne, bien entendu, le quagga. Voici le texte original :(https:\/\/royalsocietypublishing.org\/journal\/rstl)<\/p>\n\n\n\n<figure class=\"wp-block-image size-large\"><img loading=\"lazy\" decoding=\"async\" width=\"792\" height=\"1024\" src=\"https:\/\/quagga.re\/wp-content\/uploads\/2026\/01\/ArticleMorton1-792x1024.png\" alt=\"\" class=\"wp-image-316\" srcset=\"https:\/\/quagga.re\/wp-content\/uploads\/2026\/01\/ArticleMorton1-792x1024.png 792w, https:\/\/quagga.re\/wp-content\/uploads\/2026\/01\/ArticleMorton1-232x300.png 232w, https:\/\/quagga.re\/wp-content\/uploads\/2026\/01\/ArticleMorton1-768x993.png 768w, https:\/\/quagga.re\/wp-content\/uploads\/2026\/01\/ArticleMorton1.png 1138w\" sizes=\"auto, (max-width: 792px) 100vw, 792px\" \/><\/figure>\n\n\n\n<figure class=\"wp-block-image size-large\"><img loading=\"lazy\" decoding=\"async\" width=\"792\" height=\"1024\" src=\"https:\/\/quagga.re\/wp-content\/uploads\/2026\/01\/ArticleMorton2-792x1024.png\" alt=\"\" class=\"wp-image-317\" srcset=\"https:\/\/quagga.re\/wp-content\/uploads\/2026\/01\/ArticleMorton2-792x1024.png 792w, https:\/\/quagga.re\/wp-content\/uploads\/2026\/01\/ArticleMorton2-232x300.png 232w, https:\/\/quagga.re\/wp-content\/uploads\/2026\/01\/ArticleMorton2-768x993.png 768w, https:\/\/quagga.re\/wp-content\/uploads\/2026\/01\/ArticleMorton2.png 1138w\" sizes=\"auto, (max-width: 792px) 100vw, 792px\" \/><\/figure>\n\n\n\n<figure class=\"wp-block-image size-large\"><img loading=\"lazy\" decoding=\"async\" width=\"792\" height=\"1024\" src=\"https:\/\/quagga.re\/wp-content\/uploads\/2026\/01\/ArticleMorton3-792x1024.png\" alt=\"\" class=\"wp-image-319\" srcset=\"https:\/\/quagga.re\/wp-content\/uploads\/2026\/01\/ArticleMorton3-792x1024.png 792w, https:\/\/quagga.re\/wp-content\/uploads\/2026\/01\/ArticleMorton3-232x300.png 232w, https:\/\/quagga.re\/wp-content\/uploads\/2026\/01\/ArticleMorton3-768x993.png 768w, https:\/\/quagga.re\/wp-content\/uploads\/2026\/01\/ArticleMorton3.png 1138w\" sizes=\"auto, (max-width: 792px) 100vw, 792px\" \/><\/figure>\n","protected":false},"excerpt":{"rendered":"<p>Portrait de Lord Morton en uniforme de la soci\u00e9t\u00e9 royale des archers (Royal&nbsp;Company of&nbsp;Archers) peint par William&nbsp;Beechey, au d\u00e9but du 19\u00e8me&nbsp;si\u00e8cle , dimensions :238&nbsp;x 143.5 cm. (https:\/\/www.christies.com\/en\/lot\/lot-5460655) En 1821, parait dans le prestigieux journal de la Royal Society, Philosophical Transactions of The Royal Society of London, l&rsquo;unique publication de Lord Morton, qui concerne, bien entendu, [&hellip;]<\/p>\n","protected":false},"author":1,"featured_media":0,"parent":0,"menu_order":0,"comment_status":"closed","ping_status":"closed","template":"","meta":{"footnotes":""},"class_list":["post-65","page","type-page","status-publish","hentry"],"_links":{"self":[{"href":"https:\/\/quagga.re\/index.php\/wp-json\/wp\/v2\/pages\/65","targetHints":{"allow":["GET"]}}],"collection":[{"href":"https:\/\/quagga.re\/index.php\/wp-json\/wp\/v2\/pages"}],"about":[{"href":"https:\/\/quagga.re\/index.php\/wp-json\/wp\/v2\/types\/page"}],"author":[{"embeddable":true,"href":"https:\/\/quagga.re\/index.php\/wp-json\/wp\/v2\/users\/1"}],"replies":[{"embeddable":true,"href":"https:\/\/quagga.re\/index.php\/wp-json\/wp\/v2\/comments?post=65"}],"version-history":[{"count":6,"href":"https:\/\/quagga.re\/index.php\/wp-json\/wp\/v2\/pages\/65\/revisions"}],"predecessor-version":[{"id":320,"href":"https:\/\/quagga.re\/index.php\/wp-json\/wp\/v2\/pages\/65\/revisions\/320"}],"wp:attachment":[{"href":"https:\/\/quagga.re\/index.php\/wp-json\/wp\/v2\/media?parent=65"}],"curies":[{"name":"wp","href":"https:\/\/api.w.org\/{rel}","templated":true}]}}