{"id":8,"date":"2024-02-29T13:26:38","date_gmt":"2024-02-29T12:26:38","guid":{"rendered":"https:\/\/quagga.re\/?page_id=8"},"modified":"2026-03-05T15:41:37","modified_gmt":"2026-03-05T14:41:37","slug":"quagga-re","status":"publish","type":"page","link":"https:\/\/quagga.re\/","title":{"rendered":"Forever Quagga"},"content":{"rendered":"\n<p>L\u2019histoire du quagga, esp\u00e8ce quadrup\u00e8de proche du z\u00e8bre est une passionnante saga, riche en anecdotes et p\u00e9rip\u00e9ties, s\u2019\u00e9talant du XVIII<sup>e<\/sup> si\u00e8cle \u00e0 nos jours, soit bien apr\u00e8s sa disparition officielle en 1883. Un rapide survol de ses aventures, nous entraine depuis sa d\u00e9couverte, en 1758 en Afrique du Sud, par des explorateurs europ\u00e9ens, jusqu\u2019en Angleterre, o\u00f9 Lord Morton, essayant de l\u2019acclimater, f\u00fbt le t\u00e9moin d\u2019un fait scientifique remarquable qu\u2019il rapporta devant la Royal Society en 1821. Ce fait devint un \u00e9pisode embl\u00e9matique des th\u00e9ories d\u2019imagination maternelle, \u00e9tudi\u00e9 par de nombreux savants, y compris Darwin.&nbsp;Si sa disparition passa quasiment inaper\u00e7ue, la r\u00e9solution au tournant du si\u00e8cle, de l\u2019\u00e9nigme de Lord Morton par le professeur \u00e9cossais Ewart, f\u00fbt c\u00e9l\u00e9br\u00e9e, contribuant \u00e0 jeter aux oubliettes la th\u00e9orie de la t\u00e9l\u00e9gonie. Le quagga resurgit, en 1984, dans le journal Nature, lorsque des fragments de son ADN furent s\u00e9quenc\u00e9s \u00e0 partir d\u2019un sp\u00e9cimen taxidermis\u00e9, lan\u00e7ant le champ de l\u2019ADN fossile et les r\u00eaves de clonage d\u2019esp\u00e8ces disparues. La derni\u00e8re \u00e9tape, et pas la moindre, est le projet de re-cr\u00e9ation du quagga, <em>via<\/em> un programme d\u2019am\u00e9lioration g\u00e9n\u00e9tique par s\u00e9lection artificielle en cours depuis la fin des ann\u00e9es 1980, en Afrique du sud<\/p>\n\n\n\n<p><\/p>\n\n\n\n<p><\/p>\n\n\n\n<p class=\"has-source-serif-pro-font-family\"><\/p>\n\n\n\n<p><\/p>\n\n\n\n<figure data-wp-context=\"{&quot;imageId&quot;:&quot;6a0075aa72a53&quot;}\" data-wp-interactive=\"core\/image\" data-wp-key=\"6a0075aa72a53\" class=\"wp-block-image aligncenter size-full wp-lightbox-container\"><img loading=\"lazy\" decoding=\"async\" width=\"828\" height=\"1104\" data-wp-class--hide=\"state.isContentHidden\" data-wp-class--show=\"state.isContentVisible\" data-wp-init=\"callbacks.setButtonStyles\" data-wp-on--click=\"actions.showLightbox\" data-wp-on--load=\"callbacks.setButtonStyles\" data-wp-on-window--resize=\"callbacks.setButtonStyles\" src=\"https:\/\/quagga.re\/wp-content\/uploads\/2025\/08\/cover.png\" alt=\"\" class=\"wp-image-283\" srcset=\"https:\/\/quagga.re\/wp-content\/uploads\/2025\/08\/cover.png 828w, https:\/\/quagga.re\/wp-content\/uploads\/2025\/08\/cover-225x300.png 225w, https:\/\/quagga.re\/wp-content\/uploads\/2025\/08\/cover-768x1024.png 768w\" sizes=\"auto, (max-width: 828px) 100vw, 828px\" \/><button\n\t\t\tclass=\"lightbox-trigger\"\n\t\t\ttype=\"button\"\n\t\t\taria-haspopup=\"dialog\"\n\t\t\taria-label=\"Agrandir\"\n\t\t\tdata-wp-init=\"callbacks.initTriggerButton\"\n\t\t\tdata-wp-on--click=\"actions.showLightbox\"\n\t\t\tdata-wp-style--right=\"state.imageButtonRight\"\n\t\t\tdata-wp-style--top=\"state.imageButtonTop\"\n\t\t>\n\t\t\t<svg xmlns=\"http:\/\/www.w3.org\/2000\/svg\" width=\"12\" height=\"12\" fill=\"none\" viewBox=\"0 0 12 12\">\n\t\t\t\t<path fill=\"#fff\" d=\"M2 0a2 2 0 0 0-2 2v2h1.5V2a.5.5 0 0 1 .5-.5h2V0H2Zm2 10.5H2a.5.5 0 0 1-.5-.5V8H0v2a2 2 0 0 0 2 2h2v-1.5ZM8 12v-1.5h2a.5.5 0 0 0 .5-.5V8H12v2a2 2 0 0 1-2 2H8Zm2-12a2 2 0 0 1 2 2v2h-1.5V2a.5.5 0 0 0-.5-.5H8V0h2Z\" \/>\n\t\t\t<\/svg>\n\t\t<\/button><figcaption class=\"wp-element-caption\"><a href=\"https:\/\/www.humensciences.com\/livre\/Chronique-d%27une-espece-disparue\/143\">https:\/\/www.humensciences.com\/livre\/Chronique-d%27une-espece-disparue\/143<\/a><\/figcaption><\/figure>\n\n\n\n<p>Depuis le 24 avril 2024, \u00e9chapp\u00e9e du quagga : le livre <em>Chronique d&rsquo;une esp\u00e8ce disparue<\/em> publi\u00e9 chez humenSciences est disponible dans toutes les bonnes librairies, au galop !<\/p>\n\n\n\n<div class=\"wp-block-columns is-layout-flex wp-container-core-columns-is-layout-28f84493 wp-block-columns-is-layout-flex\">\n<div class=\"wp-block-column is-layout-flow wp-block-column-is-layout-flow\" style=\"flex-basis:100%\"><\/div>\n<\/div>\n\n\n\n<p><em>Pr\u00e9sentation : <\/em><a href=\"https:\/\/quagga.re\/wp-content\/uploads\/2025\/08\/ChroniqueQuaggaFlyer.pdf\" data-type=\"attachment\" data-id=\"282\">Pr\u00e9sentation Chronique<\/a> (flyer \u00e0 t\u00e9l\u00e9charger)<\/p>\n\n\n\n<p>Retrouver le livre sur une superbe \u00e9tag\u00e8re en compagnie d&rsquo;ouvrages passionnants , \u00e0 la BNF Fran\u00e7ois Mitterand, en Haut-de-jardin<\/p>\n\n\n\n<p><a href=\"https:\/\/www.bnf.fr\/en\/francois-mitterrand\">https:\/\/www.bnf.fr\/en\/francois-mitterrand<\/a><\/p>\n\n\n\n<figure class=\"wp-block-image size-full\"><img loading=\"lazy\" decoding=\"async\" width=\"1010\" height=\"924\" src=\"https:\/\/quagga.re\/wp-content\/uploads\/2026\/03\/BNFLoca.png\" alt=\"\" class=\"wp-image-355\" srcset=\"https:\/\/quagga.re\/wp-content\/uploads\/2026\/03\/BNFLoca.png 1010w, https:\/\/quagga.re\/wp-content\/uploads\/2026\/03\/BNFLoca-300x274.png 300w, https:\/\/quagga.re\/wp-content\/uploads\/2026\/03\/BNFLoca-768x703.png 768w\" sizes=\"auto, (max-width: 1010px) 100vw, 1010px\" \/><\/figure>\n\n\n\n<h4 class=\"wp-block-heading\">Contempler des quaggas :<\/h4>\n\n\n\n<p class=\"has-medium-font-size\">Quelques repr\u00e9sentations du quagga ont \u00e9t\u00e9 r\u00e9alis\u00e9es au <a href=\"https:\/\/quagga.re\/index.php\/representations-du-quagga-xviiieme-siecle\/\" data-type=\"page\" data-id=\"114\">XVIII<sup>\u00e8me<\/sup><\/a> et <a href=\"https:\/\/quagga.re\/index.php\/representations-du-quagga-xixeme-siecle\/\" data-type=\"page\" data-id=\"117\">XIX<sup>\u00e8me<\/sup> <\/a>si\u00e8cle, surtout des gravures, une <a href=\"https:\/\/quagga.re\/index.php\/une-photo-du-quagga\/\" data-type=\"page\" data-id=\"120\">unique photo<\/a> avant sa <a href=\"https:\/\/quagga.re\/index.php\/extinction\/\" data-type=\"page\" data-id=\"197\">disparition<\/a>&#8230;<\/p>\n\n\n\n<p>Des quaggas <a href=\"https:\/\/quagga.re\/index.php\/quagga-empailles\/\" data-type=\"page\" data-id=\"177\">empaill\u00e9s<\/a> sont visibles dans certains mus\u00e9es europ\u00e9en d&rsquo;histoire naturelle<\/p>\n\n\n\n<p> &amp; puis aujourd&rsquo;hui, en Afrique du Sud, des chanceux peuvent apercevoir des <em><a href=\"https:\/\/quagga.re\/index.php\/quagga-project\/\">Rau quagga<\/a>s<\/em> issus d&rsquo;un programme de s\u00e9lection artificielle tr\u00e8s particulier.<\/p>\n\n\n\n<p class=\"has-source-serif-pro-font-family has-medium-font-size\">Mais le quagga est aussi au centre d&rsquo;un fait scientifique au d\u00e9but du XIX\u00e8me si\u00e8cle, concernant l&rsquo;imagination maternelle. Les humains  impliqu\u00e9s sont notamment un  Lord anglais,<a href=\"https:\/\/quagga.re\/index.php\/lord-morton\/\" data-type=\"page\" data-id=\"65\">George Douglas 16<sup>th<\/sup> Earl of Morton<\/a> ainsi qu&rsquo; un professeur de Zoologie \u00e9cossais <a href=\"https:\/\/quagga.re\/index.php\/penycuik-experiments-pr-ewart\/\" data-type=\"page\" data-id=\"252\">James Cossart Ewart <\/a>.<\/p>\n\n\n\n<p><\/p>\n\n\n\n<h4 data-wp-context---core-fit-text=\"core\/fit-text::{&quot;fontSize&quot;:&quot;&quot;}\" data-wp-init---core-fit-text=\"core\/fit-text::callbacks.init\" data-wp-interactive data-wp-style--font-size=\"core\/fit-text::context.fontSize\" class=\"wp-block-heading has-fit-text\">Mais qu&rsquo;est ce que l&rsquo;imagination maternelle ?<\/h4>\n\n\n\n<p>Pour le d\u00e9couvrir, je vous propose d&rsquo;\u00e9couter ce super \u00e9pisode du podcast Vulgaire, o\u00f9 je suis interview\u00e9e par les fantastiques Marine Baousson et Marie Misset. <\/p>\n\n\n\n<p><a href=\"https:\/\/embed.acast.com\/$\/91475644-08e3-4016-ba93-eefb40c23ee3\/le-quagga-une-theorie-de-mascus-et-jurassic-park?\">https:\/\/embed.acast.com\/$\/91475644-08e3-4016-ba93-eefb40c23ee3\/le-quagga-une-theorie-de-mascus-et-jurassic-park?<\/a><\/p>\n\n\n\n<figure class=\"wp-block-image size-large\"><img loading=\"lazy\" decoding=\"async\" width=\"1024\" height=\"185\" src=\"https:\/\/quagga.re\/wp-content\/uploads\/2026\/01\/Screenshot-2026-01-23-at-21.08.05-1024x185.png\" alt=\"\" class=\"wp-image-298\" srcset=\"https:\/\/quagga.re\/wp-content\/uploads\/2026\/01\/Screenshot-2026-01-23-at-21.08.05-1024x185.png 1024w, https:\/\/quagga.re\/wp-content\/uploads\/2026\/01\/Screenshot-2026-01-23-at-21.08.05-300x54.png 300w, https:\/\/quagga.re\/wp-content\/uploads\/2026\/01\/Screenshot-2026-01-23-at-21.08.05-768x139.png 768w, https:\/\/quagga.re\/wp-content\/uploads\/2026\/01\/Screenshot-2026-01-23-at-21.08.05.png 1362w\" sizes=\"auto, (max-width: 1024px) 100vw, 1024px\" \/><\/figure>\n\n\n\n<p>Quel titre ! Une excellente mani\u00e8re d&rsquo;entrer dans l&rsquo;univers du quagga et les liens histoires des sciences et soci\u00e9t\u00e9 &#8230;<\/p>\n\n\n\n<p>Le quagga revient ensuite au coeur de la science moderne dans un article publi\u00e9 dans <a href=\"https:\/\/www.nature.com\/articles\/312282a0\"><em>Nature<\/em> en 1984<\/a> soit 101 ans apr\u00e8s sa disparition officielle !! Il est question de s\u00e9quen\u00e7age d&rsquo;ADN \u00e0 partir de fragments d&rsquo;organismes morts, de quoi donner des id\u00e9es \u00e0 des r\u00e9alisateurs de film&#8230;<\/p>\n\n\n\n<p><\/p>\n","protected":false},"excerpt":{"rendered":"<p>L\u2019histoire du quagga, esp\u00e8ce quadrup\u00e8de proche du z\u00e8bre est une passionnante saga, riche en anecdotes et p\u00e9rip\u00e9ties, s\u2019\u00e9talant du XVIIIe si\u00e8cle \u00e0 nos jours, soit bien apr\u00e8s sa disparition officielle en 1883. Un rapide survol de ses aventures, nous entraine depuis sa d\u00e9couverte, en 1758 en Afrique du Sud, par des explorateurs europ\u00e9ens, jusqu\u2019en Angleterre, [&hellip;]<\/p>\n","protected":false},"author":1,"featured_media":0,"parent":0,"menu_order":0,"comment_status":"closed","ping_status":"closed","template":"","meta":{"footnotes":""},"class_list":["post-8","page","type-page","status-publish","hentry"],"_links":{"self":[{"href":"https:\/\/quagga.re\/index.php\/wp-json\/wp\/v2\/pages\/8","targetHints":{"allow":["GET"]}}],"collection":[{"href":"https:\/\/quagga.re\/index.php\/wp-json\/wp\/v2\/pages"}],"about":[{"href":"https:\/\/quagga.re\/index.php\/wp-json\/wp\/v2\/types\/page"}],"author":[{"embeddable":true,"href":"https:\/\/quagga.re\/index.php\/wp-json\/wp\/v2\/users\/1"}],"replies":[{"embeddable":true,"href":"https:\/\/quagga.re\/index.php\/wp-json\/wp\/v2\/comments?post=8"}],"version-history":[{"count":69,"href":"https:\/\/quagga.re\/index.php\/wp-json\/wp\/v2\/pages\/8\/revisions"}],"predecessor-version":[{"id":361,"href":"https:\/\/quagga.re\/index.php\/wp-json\/wp\/v2\/pages\/8\/revisions\/361"}],"wp:attachment":[{"href":"https:\/\/quagga.re\/index.php\/wp-json\/wp\/v2\/media?parent=8"}],"curies":[{"name":"wp","href":"https:\/\/api.w.org\/{rel}","templated":true}]}}