{"id":99,"date":"2024-04-11T16:03:57","date_gmt":"2024-04-11T14:03:57","guid":{"rendered":"https:\/\/quagga.re\/?page_id=99"},"modified":"2026-01-23T22:26:51","modified_gmt":"2026-01-23T21:26:51","slug":"quagga-project","status":"publish","type":"page","link":"https:\/\/quagga.re\/index.php\/quagga-project\/","title":{"rendered":"Quagga project"},"content":{"rendered":"\n<p> <a href=\"https:\/\/quagga.re\/index.php\/quagga-project\/\" data-type=\"page\" data-id=\"99\">Quagga project<\/a> &#8211; projet de recr\u00e9ation \u00e0 partir d\u00a0\u00bbhybridation s\u00e9lective en s\u00e9l\u00e9ctionnant  soigneusement les z\u00e8bres parents au cours des g\u00e9n\u00e9rations afin d&rsquo;obtenir des animaux au ph\u00e9notype aussi proche que possible des quagga disparus. <\/p>\n\n\n\n<p>Le site du projet montre des photos des  nombreux quadrup\u00e8des, appel\u00e9s des <em>Rau quagga<\/em> produits par ce programme de s\u00e9lection, depuis bient\u00f4t 40 ans en Afrique du Sud.<\/p>\n\n\n\n<p><\/p>\n\n\n\n<figure class=\"wp-block-image size-large\"><img loading=\"lazy\" decoding=\"async\" width=\"1024\" height=\"772\" src=\"https:\/\/quagga.re\/wp-content\/uploads\/2026\/01\/Rauquagga-1024x772.jpeg\" alt=\"\" class=\"wp-image-326\" srcset=\"https:\/\/quagga.re\/wp-content\/uploads\/2026\/01\/Rauquagga-1024x772.jpeg 1024w, https:\/\/quagga.re\/wp-content\/uploads\/2026\/01\/Rauquagga-300x226.jpeg 300w, https:\/\/quagga.re\/wp-content\/uploads\/2026\/01\/Rauquagga-768x579.jpeg 768w, https:\/\/quagga.re\/wp-content\/uploads\/2026\/01\/Rauquagga.jpeg 1308w\" sizes=\"auto, (max-width: 1024px) 100vw, 1024px\" \/><figcaption class=\"wp-element-caption\"><a href=\"https:\/\/www.quaggaproject.org\">Issue du site du Quagga Project<\/a><\/figcaption><\/figure>\n\n\n\n<p><\/p>\n","protected":false},"excerpt":{"rendered":"<p>Quagga project &#8211; projet de recr\u00e9ation \u00e0 partir d\u00a0\u00bbhybridation s\u00e9lective en s\u00e9l\u00e9ctionnant soigneusement les z\u00e8bres parents au cours des g\u00e9n\u00e9rations afin d&rsquo;obtenir des animaux au ph\u00e9notype aussi proche que possible des quagga disparus. Le site du projet montre des photos des nombreux quadrup\u00e8des, appel\u00e9s des Rau quagga produits par ce programme de s\u00e9lection, depuis bient\u00f4t [&hellip;]<\/p>\n","protected":false},"author":1,"featured_media":0,"parent":0,"menu_order":0,"comment_status":"closed","ping_status":"closed","template":"","meta":{"footnotes":""},"class_list":["post-99","page","type-page","status-publish","hentry"],"_links":{"self":[{"href":"https:\/\/quagga.re\/index.php\/wp-json\/wp\/v2\/pages\/99","targetHints":{"allow":["GET"]}}],"collection":[{"href":"https:\/\/quagga.re\/index.php\/wp-json\/wp\/v2\/pages"}],"about":[{"href":"https:\/\/quagga.re\/index.php\/wp-json\/wp\/v2\/types\/page"}],"author":[{"embeddable":true,"href":"https:\/\/quagga.re\/index.php\/wp-json\/wp\/v2\/users\/1"}],"replies":[{"embeddable":true,"href":"https:\/\/quagga.re\/index.php\/wp-json\/wp\/v2\/comments?post=99"}],"version-history":[{"count":10,"href":"https:\/\/quagga.re\/index.php\/wp-json\/wp\/v2\/pages\/99\/revisions"}],"predecessor-version":[{"id":330,"href":"https:\/\/quagga.re\/index.php\/wp-json\/wp\/v2\/pages\/99\/revisions\/330"}],"wp:attachment":[{"href":"https:\/\/quagga.re\/index.php\/wp-json\/wp\/v2\/media?parent=99"}],"curies":[{"name":"wp","href":"https:\/\/api.w.org\/{rel}","templated":true}]}}